{"id":3937,"date":"2026-03-26T16:54:36","date_gmt":"2026-03-26T15:54:36","guid":{"rendered":"https:\/\/calidat-neu.com\/?page_id=3937"},"modified":"2026-03-26T16:57:46","modified_gmt":"2026-03-26T15:57:46","slug":"impressum","status":"publish","type":"page","link":"https:\/\/calidat-neu.com\/en\/impressum\/","title":{"rendered":"Legal Notice"},"content":{"rendered":"<div data-elementor-type=\"wp-page\" data-elementor-id=\"3937\" class=\"elementor elementor-3937\" data-elementor-post-type=\"page\">\n\t\t\t\t<div class=\"elementor-element elementor-element-f2fceaf e-flex e-con-boxed e-con e-parent\" data-id=\"f2fceaf\" data-element_type=\"container\" data-e-type=\"container\">\n\t\t\t\t\t<div class=\"e-con-inner\">\n\t\t\t\t<div class=\"elementor-element elementor-element-930def8 elementor-widget elementor-widget-heading\" data-id=\"930def8\" data-element_type=\"widget\" data-e-type=\"widget\" data-widget_type=\"heading.default\">\n\t\t\t\t<div class=\"elementor-widget-container\">\n\t\t\t\t\t<h2 class=\"elementor-heading-title elementor-size-default\">Legal Notice<\/h2>\t\t\t\t<\/div>\n\t\t\t\t<\/div>\n\t\t\t\t<div class=\"elementor-element elementor-element-3b66dc9 elementor-widget elementor-widget-text-editor\" data-id=\"3b66dc9\" data-element_type=\"widget\" data-e-type=\"widget\" data-widget_type=\"text-editor.default\">\n\t\t\t\t<div class=\"elementor-widget-container\">\n\t\t\t\t\t\t\t\t\t<h3>Information pursuant to Section 5 DDG<\/h3><p><strong>Calidat GmbH<\/strong><br \/>Moltkestra\u00dfe 137<br \/>50674 Cologne<br \/>Germany<\/p><p><strong>E-Mail:<\/strong>\u00a0<a href=\"mailto:info@calidat.com\">info@calidat.com<\/a><\/p><h3>Managing Directors (Authorized Representatives)<\/h3><p>Dipl.-Ing. (FH) Frank Borschberg<br \/>Dipl.-Ing. (FH) Matthias J. Seifert<\/p><h3>Commercial Register<\/h3><p>Register Court: Cologne Local Court (Amtsgericht K\u00f6ln)<br \/>Registration Number: HRB 94688<\/p><h3>VAT Identification Number<\/h3><p>VAT ID pursuant to Section 27a of the German Value Added Tax Act:\nDE319037894<\/p><h3>Liability for Content<\/h3><p>The contents of our pages have been created with the utmost care. However, we cannot guarantee the accuracy, completeness, or up-to-dateness of the content.\nAs a service provider, we are responsible for our own content on these pages in accordance with general laws pursuant to Section 7 (1) DDG. According to Sections 8 to 10 DDG, however, we are not obligated to monitor transmitted or stored third-party information or to investigate circumstances indicating illegal activity.\nObligations to remove or block the use of information under general laws remain unaffected. Liability in this regard is only possible from the time we become aware of a specific legal violation. Upon becoming aware of such violations, we will remove the relevant content immediately.<\/p><h3>Liability for Links<\/h3><p>Our website contains links to external third-party websites over whose content we have no control. Therefore, we cannot assume any liability for such external content. The respective provider or operator of the linked pages is always responsible for their content.\nThe linked pages were checked for possible legal violations at the time of linking. Illegal content was not identifiable at that time. Permanent monitoring of the content of linked pages is not reasonable without concrete evidence of a violation. If we become aware of any legal infringements, we will remove such links immediately.<\/p><h3>Copyright<\/h3><p>The content and works created by the site operators on these pages are subject to German copyright law.\n\nDuplication, processing, distribution, or any form of commercialization beyond the scope of copyright law requires the prior written consent of the respective author or creator.\n\nDownloads and copies of this site are permitted only for private, non-commercial use.<\/p>\t\t\t\t\t\t\t\t<\/div>\n\t\t\t\t<\/div>\n\t\t\t\t\t<\/div>\n\t\t\t\t<\/div>\n\t\t\t\t<\/div>","protected":false},"excerpt":{"rendered":"<p>Impressum Angaben gem\u00e4\u00df \u00a7 5 DDG Calidat GmbHMoltkestra\u00dfe 13750674 K\u00f6lnDeutschland E-Mail:\u00a0info@calidat.com Vertretungsberechtigte Gesch\u00e4ftsf\u00fchrer Dipl.-Ing. (FH) Frank BorschbergDipl.-Ing. (FH) Matthias J. Seifert Handelsregister Registergericht: Amtsgericht K\u00f6lnRegisternummer: HRB 94688 Umsatzsteuer-Identifikationsnummer gem\u00e4\u00df \u00a7 27a Umsatzsteuergesetz: DE319037894 Haftung f\u00fcr Inhalte Die Inhalte unserer Seiten wurden mit gr\u00f6\u00dfter Sorgfalt erstellt. F\u00fcr die Richtigkeit, Vollst\u00e4ndigkeit und Aktualit\u00e4t der Inhalte k\u00f6nnen wir [&hellip;]<\/p>\n","protected":false},"author":1,"featured_media":0,"parent":0,"menu_order":0,"comment_status":"closed","ping_status":"closed","template":"","meta":{"footnotes":""},"class_list":["post-3937","page","type-page","status-publish","hentry"],"_links":{"self":[{"href":"https:\/\/calidat-neu.com\/en\/wp-json\/wp\/v2\/pages\/3937","targetHints":{"allow":["GET"]}}],"collection":[{"href":"https:\/\/calidat-neu.com\/en\/wp-json\/wp\/v2\/pages"}],"about":[{"href":"https:\/\/calidat-neu.com\/en\/wp-json\/wp\/v2\/types\/page"}],"author":[{"embeddable":true,"href":"https:\/\/calidat-neu.com\/en\/wp-json\/wp\/v2\/users\/1"}],"replies":[{"embeddable":true,"href":"https:\/\/calidat-neu.com\/en\/wp-json\/wp\/v2\/comments?post=3937"}],"version-history":[{"count":4,"href":"https:\/\/calidat-neu.com\/en\/wp-json\/wp\/v2\/pages\/3937\/revisions"}],"predecessor-version":[{"id":3941,"href":"https:\/\/calidat-neu.com\/en\/wp-json\/wp\/v2\/pages\/3937\/revisions\/3941"}],"wp:attachment":[{"href":"https:\/\/calidat-neu.com\/en\/wp-json\/wp\/v2\/media?parent=3937"}],"curies":[{"name":"wp","href":"https:\/\/api.w.org\/{rel}","templated":true}]}}